{"id":7,"date":"2026-03-04T00:52:19","date_gmt":"2026-03-03T21:52:19","guid":{"rendered":"https:\/\/rokecom.com\/tr\/?page_id=7"},"modified":"2026-03-09T17:28:25","modified_gmt":"2026-03-09T14:28:25","slug":"ana-sayfa","status":"publish","type":"page","link":"https:\/\/rokecom.com\/tr\/","title":{"rendered":"Ana Sayfa"},"content":{"rendered":"\n<h1 class=\"wp-block-heading\"><span class=\"aximo-hero-shape-title\" style=\"color: #cd001a;\">\u0130LET\u0130\u015e\u0130MLE<\/span><br><span class=\"aximo-hero-shape-title\" style=\"color: #cd001a;\">ETK\u0130 <\/span> \u0130N\u015eA ED\u0130YORUZ<\/h1>\n\n\n\n<p><\/p>\n","protected":false},"excerpt":{"rendered":"<p>\u0130LET\u0130\u015e\u0130MLEETK\u0130 \u0130N\u015eA ED\u0130YORUZ<\/p>\n","protected":false},"author":1,"featured_media":0,"parent":0,"menu_order":0,"comment_status":"closed","ping_status":"closed","template":"index.php","meta":{"_acf_changed":false,"footnotes":""},"class_list":["post-7","page","type-page","status-publish","hentry"],"acf":[],"_links":{"self":[{"href":"https:\/\/rokecom.com\/tr\/wp-json\/wp\/v2\/pages\/7","targetHints":{"allow":["GET"]}}],"collection":[{"href":"https:\/\/rokecom.com\/tr\/wp-json\/wp\/v2\/pages"}],"about":[{"href":"https:\/\/rokecom.com\/tr\/wp-json\/wp\/v2\/types\/page"}],"author":[{"embeddable":true,"href":"https:\/\/rokecom.com\/tr\/wp-json\/wp\/v2\/users\/1"}],"replies":[{"embeddable":true,"href":"https:\/\/rokecom.com\/tr\/wp-json\/wp\/v2\/comments?post=7"}],"version-history":[{"count":5,"href":"https:\/\/rokecom.com\/tr\/wp-json\/wp\/v2\/pages\/7\/revisions"}],"predecessor-version":[{"id":297,"href":"https:\/\/rokecom.com\/tr\/wp-json\/wp\/v2\/pages\/7\/revisions\/297"}],"wp:attachment":[{"href":"https:\/\/rokecom.com\/tr\/wp-json\/wp\/v2\/media?parent=7"}],"curies":[{"name":"wp","href":"https:\/\/api.w.org\/{rel}","templated":true}]}}