{"id":165,"date":"2026-03-04T13:08:46","date_gmt":"2026-03-04T10:08:46","guid":{"rendered":"https:\/\/rokecom.com\/tr\/?page_id=165"},"modified":"2026-03-09T19:56:21","modified_gmt":"2026-03-09T16:56:21","slug":"liderlik-ve-kurumsal-gelisim-egitimleri","status":"publish","type":"page","link":"https:\/\/rokecom.com\/tr\/liderlik-ve-kurumsal-gelisim-egitimleri\/","title":{"rendered":"Liderlik ve Kurumsal Geli\u015fim E\u011fitimleri"},"content":{"rendered":"\n<p>Roke; liderlik ve ekip d\u00fczeyinde ileti\u015fim kabiliyetini g\u00fc\u00e7lendiren, \u00fcst d\u00fczey y\u00f6netici ve kurumsal geli\u015fim e\u011fitim programlar\u0131 tasarlar ve sunar. E\u011fitim hizmetlerimiz; ger\u00e7ek d\u00fcnya senaryolar\u0131na, sekt\u00f6re \u00f6zg\u00fc risklere ve kurumsal yap\u0131lara g\u00f6re \u00f6zel olarak kurgulan\u0131r.<\/p>\n\n\n\n<p>Medya e\u011fitimi, s\u00f6zc\u00fc e\u011fitimi, kriz ileti\u015fimi e\u011fitimi ve sim\u00fclasyon tabanl\u0131 at\u00f6lye \u00e7al\u0131\u015fmalar\u0131 sunuyoruz. Her bir program; kat\u0131l\u0131mc\u0131lar\u0131 kamusal denetime, kritik karar alma s\u00fcre\u00e7lerine ve karma\u015f\u0131k ileti\u015fim zorluklar\u0131na haz\u0131rlamak \u00fczere \u00f6zelle\u015ftirilir.<\/p>\n\n\n\n<p>Amac\u0131m\u0131z; kurum i\u00e7i yetkinli\u011fi in\u015fa ederek, kurulu\u015flar\u0131n en kritik anlarda net, tutarl\u0131 ve \u00f6zg\u00fcvenli bir \u015fekilde tepki vermelerini sa\u011flamakt\u0131r.<\/p>\n","protected":false},"excerpt":{"rendered":"<p>Roke; liderlik ve ekip d\u00fczeyinde ileti\u015fim kabiliyetini g\u00fc\u00e7lendiren, \u00fcst d\u00fczey y\u00f6netici ve kurumsal geli\u015fim e\u011fitim programlar\u0131 tasarlar ve sunar. E\u011fitim hizmetlerimiz; ger\u00e7ek d\u00fcnya senaryolar\u0131na, sekt\u00f6re \u00f6zg\u00fc risklere ve kurumsal yap\u0131lara g\u00f6re \u00f6zel olarak kurgulan\u0131r. Medya e\u011fitimi, s\u00f6zc\u00fc e\u011fitimi, kriz ileti\u015fimi e\u011fitimi ve sim\u00fclasyon tabanl\u0131 at\u00f6lye \u00e7al\u0131\u015fmalar\u0131 sunuyoruz. Her bir program; kat\u0131l\u0131mc\u0131lar\u0131 kamusal denetime, kritik karar [&hellip;]<\/p>\n","protected":false},"author":1,"featured_media":0,"parent":0,"menu_order":0,"comment_status":"closed","ping_status":"closed","template":"template-service-detail.php","meta":{"_acf_changed":false,"footnotes":""},"class_list":["post-165","page","type-page","status-publish","hentry"],"acf":[],"_links":{"self":[{"href":"https:\/\/rokecom.com\/tr\/wp-json\/wp\/v2\/pages\/165","targetHints":{"allow":["GET"]}}],"collection":[{"href":"https:\/\/rokecom.com\/tr\/wp-json\/wp\/v2\/pages"}],"about":[{"href":"https:\/\/rokecom.com\/tr\/wp-json\/wp\/v2\/types\/page"}],"author":[{"embeddable":true,"href":"https:\/\/rokecom.com\/tr\/wp-json\/wp\/v2\/users\/1"}],"replies":[{"embeddable":true,"href":"https:\/\/rokecom.com\/tr\/wp-json\/wp\/v2\/comments?post=165"}],"version-history":[{"count":2,"href":"https:\/\/rokecom.com\/tr\/wp-json\/wp\/v2\/pages\/165\/revisions"}],"predecessor-version":[{"id":330,"href":"https:\/\/rokecom.com\/tr\/wp-json\/wp\/v2\/pages\/165\/revisions\/330"}],"wp:attachment":[{"href":"https:\/\/rokecom.com\/tr\/wp-json\/wp\/v2\/media?parent=165"}],"curies":[{"name":"wp","href":"https:\/\/api.w.org\/{rel}","templated":true}]}}