{"id":163,"date":"2026-03-04T13:08:15","date_gmt":"2026-03-04T10:08:15","guid":{"rendered":"https:\/\/rokecom.com\/tr\/?page_id=163"},"modified":"2026-03-09T19:18:05","modified_gmt":"2026-03-09T16:18:05","slug":"goru-analiz-ve-olcumleme","status":"publish","type":"page","link":"https:\/\/rokecom.com\/tr\/goru-analiz-ve-olcumleme\/","title":{"rendered":"Analiz ve \u00d6l\u00e7\u00fcmleme"},"content":{"rendered":"\n<p>Roke; ileti\u015fim, itibar ve risk y\u00f6netimi s\u00fcre\u00e7lerinde bilin\u00e7li kararlar al\u0131nmas\u0131n\u0131 destekleyen analiz ve \u00f6l\u00e7\u00fcmleme hizmetleri sunar. Kurulu\u015flar\u0131n faaliyet ortamlar\u0131n\u0131 ve ileti\u015fim performanslar\u0131n\u0131 anlamalar\u0131na yard\u0131mc\u0131 olmak i\u00e7in nitel analizi, nicel \u00f6l\u00e7\u00fcmleme ile birle\u015ftirir.<\/p>\n\n\n\n<p>\u00c7al\u0131\u015fmalar\u0131m\u0131z, uluslararas\u0131 standartlarla uyumlu ileti\u015fim \u00f6l\u00e7\u00fcmlemelerinin yan\u0131 s\u0131ra, \u00f6zellikle T\u00fcrkiye ve b\u00f6lgesel dinamiklere odaklanan siyasi, ekonomik ve sekt\u00f6r bazl\u0131 analizleri kapsar. Sadece raporlaman\u0131n \u00f6tesine ge\u00e7erek; riskleri, f\u0131rsatlar\u0131 ve stratejik \u00e7\u0131kar\u0131mlar\u0131 belirleyen bir yorumlama s\u00fcreci y\u00fcr\u00fct\u00fcyoruz.<\/p>\n\n\n\n<p>Bu \u00f6ng\u00f6r\u00fcler; ileti\u015fim planlamas\u0131n\u0131, krize haz\u0131rl\u0131k s\u00fcre\u00e7lerini, itibar y\u00f6netimini ve \u00fcst d\u00fczey y\u00f6netici kararlar\u0131n\u0131 destekleyerek, bilgiyi stratejik bir istikamete d\u00f6n\u00fc\u015ft\u00fcr\u00fcr.<\/p>\n\n\n\n<p><\/p>\n","protected":false},"excerpt":{"rendered":"<p>Roke; ileti\u015fim, itibar ve risk y\u00f6netimi s\u00fcre\u00e7lerinde bilin\u00e7li kararlar al\u0131nmas\u0131n\u0131 destekleyen analiz ve \u00f6l\u00e7\u00fcmleme hizmetleri sunar. Kurulu\u015flar\u0131n faaliyet ortamlar\u0131n\u0131 ve ileti\u015fim performanslar\u0131n\u0131 anlamalar\u0131na yard\u0131mc\u0131 olmak i\u00e7in nitel analizi, nicel \u00f6l\u00e7\u00fcmleme ile birle\u015ftirir. \u00c7al\u0131\u015fmalar\u0131m\u0131z, uluslararas\u0131 standartlarla uyumlu ileti\u015fim \u00f6l\u00e7\u00fcmlemelerinin yan\u0131 s\u0131ra, \u00f6zellikle T\u00fcrkiye ve b\u00f6lgesel dinamiklere odaklanan siyasi, ekonomik ve sekt\u00f6r bazl\u0131 analizleri kapsar. Sadece raporlaman\u0131n [&hellip;]<\/p>\n","protected":false},"author":1,"featured_media":0,"parent":0,"menu_order":0,"comment_status":"closed","ping_status":"closed","template":"template-service-detail.php","meta":{"_acf_changed":false,"footnotes":""},"class_list":["post-163","page","type-page","status-publish","hentry"],"acf":[],"_links":{"self":[{"href":"https:\/\/rokecom.com\/tr\/wp-json\/wp\/v2\/pages\/163","targetHints":{"allow":["GET"]}}],"collection":[{"href":"https:\/\/rokecom.com\/tr\/wp-json\/wp\/v2\/pages"}],"about":[{"href":"https:\/\/rokecom.com\/tr\/wp-json\/wp\/v2\/types\/page"}],"author":[{"embeddable":true,"href":"https:\/\/rokecom.com\/tr\/wp-json\/wp\/v2\/users\/1"}],"replies":[{"embeddable":true,"href":"https:\/\/rokecom.com\/tr\/wp-json\/wp\/v2\/comments?post=163"}],"version-history":[{"count":2,"href":"https:\/\/rokecom.com\/tr\/wp-json\/wp\/v2\/pages\/163\/revisions"}],"predecessor-version":[{"id":308,"href":"https:\/\/rokecom.com\/tr\/wp-json\/wp\/v2\/pages\/163\/revisions\/308"}],"wp:attachment":[{"href":"https:\/\/rokecom.com\/tr\/wp-json\/wp\/v2\/media?parent=163"}],"curies":[{"name":"wp","href":"https:\/\/api.w.org\/{rel}","templated":true}]}}