{"id":161,"date":"2026-03-04T13:07:40","date_gmt":"2026-03-04T10:07:40","guid":{"rendered":"https:\/\/rokecom.com\/tr\/?page_id=161"},"modified":"2026-03-09T19:19:17","modified_gmt":"2026-03-09T16:19:17","slug":"dijital-buyume-ve-performans-mimarisi","status":"publish","type":"page","link":"https:\/\/rokecom.com\/tr\/dijital-buyume-ve-performans-mimarisi\/","title":{"rendered":"Dijital B\u00fcy\u00fcme ve Performans Mimarisi"},"content":{"rendered":"\n<p>Roke; dijital kanallarda g\u00f6r\u00fcn\u00fcrl\u00fc\u011f\u00fc, etkile\u015fimi ve d\u00f6n\u00fc\u015f\u00fcm\u00fc desteklemek \u00fczere tasarlanm\u0131\u015f Dijital B\u00fcy\u00fcme ve Performans Mimarisi hizmetleri sunar. \u0130\u00e7erik, \u00fccretli medya, performans pazarlamas\u0131 ve veriyi, geni\u015f kapsaml\u0131 ileti\u015fim ve itibar hedefleriyle uyumlu hale getiren entegre dijital sistemler kuruyoruz.<\/p>\n\n\n\n<p>Hizmetlerimiz; \u00fccretli medya y\u00f6netimi, i\u00e7erik stratejisi, kampanya y\u00fcr\u00fctme ve performans optimizasyonunu kapsar. K\u0131sa vadeli metrikler elde etmek yerine; marka konumland\u0131rmas\u0131n\u0131 ve i\u015f hedeflerini destekleyen s\u00fcrd\u00fcr\u00fclebilir bir dijital b\u00fcy\u00fcmeye odaklan\u0131yoruz.<\/p>\n\n\n\n<p>Farkl\u0131 pazarlar\u0131 kapsayan kampanya deneyimiyle Roke, T\u00fcrkiye ve uluslararas\u0131 pazarlarda dijital ileti\u015fim ve b\u00fcy\u00fcme giri\u015fimlerini destekleyerek, dijital yat\u0131r\u0131mlar\u0131n \u00f6l\u00e7\u00fclebilir ve anlaml\u0131 sonu\u00e7lar vermesini sa\u011flar.<\/p>\n","protected":false},"excerpt":{"rendered":"<p>Roke; dijital kanallarda g\u00f6r\u00fcn\u00fcrl\u00fc\u011f\u00fc, etkile\u015fimi ve d\u00f6n\u00fc\u015f\u00fcm\u00fc desteklemek \u00fczere tasarlanm\u0131\u015f Dijital B\u00fcy\u00fcme ve Performans Mimarisi hizmetleri sunar. \u0130\u00e7erik, \u00fccretli medya, performans pazarlamas\u0131 ve veriyi, geni\u015f kapsaml\u0131 ileti\u015fim ve itibar hedefleriyle uyumlu hale getiren entegre dijital sistemler kuruyoruz. Hizmetlerimiz; \u00fccretli medya y\u00f6netimi, i\u00e7erik stratejisi, kampanya y\u00fcr\u00fctme ve performans optimizasyonunu kapsar. K\u0131sa vadeli metrikler elde etmek yerine; [&hellip;]<\/p>\n","protected":false},"author":1,"featured_media":0,"parent":0,"menu_order":0,"comment_status":"closed","ping_status":"closed","template":"template-service-detail.php","meta":{"_acf_changed":false,"footnotes":""},"class_list":["post-161","page","type-page","status-publish","hentry"],"acf":[],"_links":{"self":[{"href":"https:\/\/rokecom.com\/tr\/wp-json\/wp\/v2\/pages\/161","targetHints":{"allow":["GET"]}}],"collection":[{"href":"https:\/\/rokecom.com\/tr\/wp-json\/wp\/v2\/pages"}],"about":[{"href":"https:\/\/rokecom.com\/tr\/wp-json\/wp\/v2\/types\/page"}],"author":[{"embeddable":true,"href":"https:\/\/rokecom.com\/tr\/wp-json\/wp\/v2\/users\/1"}],"replies":[{"embeddable":true,"href":"https:\/\/rokecom.com\/tr\/wp-json\/wp\/v2\/comments?post=161"}],"version-history":[{"count":6,"href":"https:\/\/rokecom.com\/tr\/wp-json\/wp\/v2\/pages\/161\/revisions"}],"predecessor-version":[{"id":309,"href":"https:\/\/rokecom.com\/tr\/wp-json\/wp\/v2\/pages\/161\/revisions\/309"}],"wp:attachment":[{"href":"https:\/\/rokecom.com\/tr\/wp-json\/wp\/v2\/media?parent=161"}],"curies":[{"name":"wp","href":"https:\/\/api.w.org\/{rel}","templated":true}]}}