{"id":157,"date":"2026-03-04T13:06:04","date_gmt":"2026-03-04T10:06:04","guid":{"rendered":"https:\/\/rokecom.com\/tr\/?page_id=157"},"modified":"2026-03-09T19:39:12","modified_gmt":"2026-03-09T16:39:12","slug":"iletisim-ve-itibar-mimarisi","status":"publish","type":"page","link":"https:\/\/rokecom.com\/tr\/iletisim-ve-itibar-mimarisi\/","title":{"rendered":"\u0130leti\u015fim ve \u0130tibar Mimarisi"},"content":{"rendered":"\n<p>Roke; kurulu\u015flar\u0131n karma\u015f\u0131k ekosistemlerde alg\u0131, g\u00fcven ve itibar s\u00fcre\u00e7lerini y\u00f6netmelerine yard\u0131mc\u0131 olan \u0130leti\u015fim ve \u0130tibar Mimarisi hizmetleri sunar. Medya ili\u015fkileri, kamu ili\u015fkileri, konu y\u00f6netimi ve krize haz\u0131rl\u0131k s\u00fcre\u00e7lerini birbirine entegre ederek, tutarl\u0131 bir yap\u0131 olu\u015fturan ileti\u015fim sistemleri tasarlar.<\/p>\n\n\n\n<p>\u00c7al\u0131\u015fmalar\u0131m\u0131z; kurumsal risklerin belirlenmesi, ortaya \u00e7\u0131kan kritik konular\u0131n analiz edilmesi ve kurumlar\u0131n kamusal veya kurumsal bask\u0131 anlar\u0131na kar\u015f\u0131 haz\u0131rlanmas\u0131n\u0131 kapsar. Kriz ileti\u015fimini sadece anl\u0131k bir tepki olarak de\u011fil; itibar y\u00f6netimi ve karar alma disiplininin do\u011fal bir sonucu olarak ele al\u0131yoruz.<\/p>\n\n\n\n<p>\u0130leti\u015fim \u00e7abalar\u0131n\u0131 i\u015f \u00f6ncelikleri ve kurumsal ger\u00e7eklerle uyumlu hale getirerek, kurumlar\u0131n hem yerel hem de uluslararas\u0131 ba\u011flamda g\u00fcvenilirliklerini, tutarl\u0131l\u0131klar\u0131n\u0131 ve uzun vadeli g\u00fcven ili\u015fkilerini s\u00fcrd\u00fcrmelerine destek oluyoruz.<\/p>\n","protected":false},"excerpt":{"rendered":"<p>Roke; kurulu\u015flar\u0131n karma\u015f\u0131k ekosistemlerde alg\u0131, g\u00fcven ve itibar s\u00fcre\u00e7lerini y\u00f6netmelerine yard\u0131mc\u0131 olan \u0130leti\u015fim ve \u0130tibar Mimarisi hizmetleri sunar. Medya ili\u015fkileri, kamu ili\u015fkileri, konu y\u00f6netimi ve krize haz\u0131rl\u0131k s\u00fcre\u00e7lerini birbirine entegre ederek, tutarl\u0131 bir yap\u0131 olu\u015fturan ileti\u015fim sistemleri tasarlar. \u00c7al\u0131\u015fmalar\u0131m\u0131z; kurumsal risklerin belirlenmesi, ortaya \u00e7\u0131kan kritik konular\u0131n analiz edilmesi ve kurumlar\u0131n kamusal veya kurumsal bask\u0131 anlar\u0131na [&hellip;]<\/p>\n","protected":false},"author":1,"featured_media":0,"parent":0,"menu_order":0,"comment_status":"closed","ping_status":"closed","template":"template-service-detail.php","meta":{"_acf_changed":false,"footnotes":""},"class_list":["post-157","page","type-page","status-publish","hentry"],"acf":[],"_links":{"self":[{"href":"https:\/\/rokecom.com\/tr\/wp-json\/wp\/v2\/pages\/157","targetHints":{"allow":["GET"]}}],"collection":[{"href":"https:\/\/rokecom.com\/tr\/wp-json\/wp\/v2\/pages"}],"about":[{"href":"https:\/\/rokecom.com\/tr\/wp-json\/wp\/v2\/types\/page"}],"author":[{"embeddable":true,"href":"https:\/\/rokecom.com\/tr\/wp-json\/wp\/v2\/users\/1"}],"replies":[{"embeddable":true,"href":"https:\/\/rokecom.com\/tr\/wp-json\/wp\/v2\/comments?post=157"}],"version-history":[{"count":5,"href":"https:\/\/rokecom.com\/tr\/wp-json\/wp\/v2\/pages\/157\/revisions"}],"predecessor-version":[{"id":323,"href":"https:\/\/rokecom.com\/tr\/wp-json\/wp\/v2\/pages\/157\/revisions\/323"}],"wp:attachment":[{"href":"https:\/\/rokecom.com\/tr\/wp-json\/wp\/v2\/media?parent=157"}],"curies":[{"name":"wp","href":"https:\/\/api.w.org\/{rel}","templated":true}]}}