{"id":152,"date":"2026-03-04T13:02:04","date_gmt":"2026-03-04T10:02:04","guid":{"rendered":"https:\/\/rokecom.com\/tr\/?page_id=152"},"modified":"2026-03-04T13:02:04","modified_gmt":"2026-03-04T10:02:04","slug":"blog","status":"publish","type":"page","link":"https:\/\/rokecom.com\/tr\/blog\/","title":{"rendered":"Roke \u00d6ng\u00f6r\u00fcleri"},"content":{"rendered":"\n<p><br>\u0130\u00e7erik \u00fcretmek; uzmanl\u0131\u011f\u0131m\u0131z\u0131, tutkumuzu ve i\u015f yap\u0131\u015f bi\u00e7imimize dair vizyonumuzu sergilemenin en g\u00fc\u00e7l\u00fc yoludur. Bizler sadece &#8220;uygulay\u0131c\u0131&#8221; de\u011fil, ayn\u0131 zamanda &#8220;geli\u015ftiriciyiz&#8221;. Sadece &#8220;okuyucu&#8221; de\u011fil, ayn\u0131 zamanda &#8220;payla\u015f\u0131mc\u0131y\u0131z&#8221;. Blog yaz\u0131lar\u0131m\u0131zda Roke ile ilgili en son geli\u015fmelerin yan\u0131 s\u0131ra; T\u00fcrkiye&#8217;deki ileti\u015fim, medya ve halkla ili\u015fkiler d\u00fcnyas\u0131n\u0131n g\u00fcncel durumuna dair derinlemesine analizler bulacaks\u0131n\u0131z.<\/p>\n","protected":false},"excerpt":{"rendered":"<p>\u0130\u00e7erik \u00fcretmek; uzmanl\u0131\u011f\u0131m\u0131z\u0131, tutkumuzu ve i\u015f yap\u0131\u015f bi\u00e7imimize dair vizyonumuzu sergilemenin en g\u00fc\u00e7l\u00fc yoludur. Bizler sadece &#8220;uygulay\u0131c\u0131&#8221; de\u011fil, ayn\u0131 zamanda &#8220;geli\u015ftiriciyiz&#8221;. Sadece &#8220;okuyucu&#8221; de\u011fil, ayn\u0131 zamanda &#8220;payla\u015f\u0131mc\u0131y\u0131z&#8221;. Blog yaz\u0131lar\u0131m\u0131zda Roke ile ilgili en son geli\u015fmelerin yan\u0131 s\u0131ra; T\u00fcrkiye&#8217;deki ileti\u015fim, medya ve halkla ili\u015fkiler d\u00fcnyas\u0131n\u0131n g\u00fcncel durumuna dair derinlemesine analizler bulacaks\u0131n\u0131z.<\/p>\n","protected":false},"author":1,"featured_media":0,"parent":0,"menu_order":0,"comment_status":"closed","ping_status":"closed","template":"template-blog.php","meta":{"_acf_changed":false,"footnotes":""},"class_list":["post-152","page","type-page","status-publish","hentry"],"acf":[],"_links":{"self":[{"href":"https:\/\/rokecom.com\/tr\/wp-json\/wp\/v2\/pages\/152","targetHints":{"allow":["GET"]}}],"collection":[{"href":"https:\/\/rokecom.com\/tr\/wp-json\/wp\/v2\/pages"}],"about":[{"href":"https:\/\/rokecom.com\/tr\/wp-json\/wp\/v2\/types\/page"}],"author":[{"embeddable":true,"href":"https:\/\/rokecom.com\/tr\/wp-json\/wp\/v2\/users\/1"}],"replies":[{"embeddable":true,"href":"https:\/\/rokecom.com\/tr\/wp-json\/wp\/v2\/comments?post=152"}],"version-history":[{"count":1,"href":"https:\/\/rokecom.com\/tr\/wp-json\/wp\/v2\/pages\/152\/revisions"}],"predecessor-version":[{"id":153,"href":"https:\/\/rokecom.com\/tr\/wp-json\/wp\/v2\/pages\/152\/revisions\/153"}],"wp:attachment":[{"href":"https:\/\/rokecom.com\/tr\/wp-json\/wp\/v2\/media?parent=152"}],"curies":[{"name":"wp","href":"https:\/\/api.w.org\/{rel}","templated":true}]}}