{"id":150,"date":"2026-03-04T12:54:47","date_gmt":"2026-03-04T09:54:47","guid":{"rendered":"https:\/\/rokecom.com\/tr\/?page_id=150"},"modified":"2026-03-09T19:57:35","modified_gmt":"2026-03-09T16:57:35","slug":"neler-yapiyoruz","status":"publish","type":"page","link":"https:\/\/rokecom.com\/tr\/neler-yapiyoruz\/","title":{"rendered":"Neler Yap\u0131yoruz?"},"content":{"rendered":"\n<p>Roke\u2019da yakla\u015f\u0131mlar\u0131m\u0131za bilgiye olan tutkumuz y\u00f6n verir. G\u00fcvenilir sonu\u00e7lar elde etmek amac\u0131yla, strateji geli\u015ftirme ve ba\u015far\u0131 \u00f6l\u00e7\u00fcmleme s\u00fcre\u00e7lerinde veri odakl\u0131 bir metodoloji kullan\u0131yoruz. Ya\u015fam boyu \u00f6\u011frenme prensibi, i\u015fimizin merkezinde yer al\u0131r. M\u00fc\u015fterilerimizi kriz anlar\u0131na ve medya etkile\u015fimlerine kar\u015f\u0131 e\u011fitiyor, onlar\u0131 gerekli yetkinliklerle donat\u0131yoruz. H\u0131zla de\u011fi\u015fen bir d\u00fcnyada, dijital pazarlaman\u0131n kritik \u00f6neminin fark\u0131nday\u0131z; bu g\u00fcc\u00fc mesajlar\u0131m\u0131z\u0131 g\u00fc\u00e7lendirmek i\u00e7in kullan\u0131yoruz. Ekonomik, siyasi ve sekt\u00f6rel e\u011filimlere y\u00f6nelik raporlamalar\u0131m\u0131zla, m\u00fc\u015fterilerimizin her zaman bilgili ve s\u00fcre\u00e7lere dahil olmas\u0131n\u0131 sa\u011fl\u0131yoruz.<\/p>\n\n\n\n<p><\/p>\n","protected":false},"excerpt":{"rendered":"<p>Roke\u2019da yakla\u015f\u0131mlar\u0131m\u0131za bilgiye olan tutkumuz y\u00f6n verir. G\u00fcvenilir sonu\u00e7lar elde etmek amac\u0131yla, strateji geli\u015ftirme ve ba\u015far\u0131 \u00f6l\u00e7\u00fcmleme s\u00fcre\u00e7lerinde veri odakl\u0131 bir metodoloji kullan\u0131yoruz. Ya\u015fam boyu \u00f6\u011frenme prensibi, i\u015fimizin merkezinde yer al\u0131r. M\u00fc\u015fterilerimizi kriz anlar\u0131na ve medya etkile\u015fimlerine kar\u015f\u0131 e\u011fitiyor, onlar\u0131 gerekli yetkinliklerle donat\u0131yoruz. H\u0131zla de\u011fi\u015fen bir d\u00fcnyada, dijital pazarlaman\u0131n kritik \u00f6neminin fark\u0131nday\u0131z; bu g\u00fcc\u00fc mesajlar\u0131m\u0131z\u0131 [&hellip;]<\/p>\n","protected":false},"author":1,"featured_media":0,"parent":0,"menu_order":0,"comment_status":"closed","ping_status":"closed","template":"template-about.php","meta":{"_acf_changed":false,"footnotes":""},"class_list":["post-150","page","type-page","status-publish","hentry"],"acf":[],"_links":{"self":[{"href":"https:\/\/rokecom.com\/tr\/wp-json\/wp\/v2\/pages\/150","targetHints":{"allow":["GET"]}}],"collection":[{"href":"https:\/\/rokecom.com\/tr\/wp-json\/wp\/v2\/pages"}],"about":[{"href":"https:\/\/rokecom.com\/tr\/wp-json\/wp\/v2\/types\/page"}],"author":[{"embeddable":true,"href":"https:\/\/rokecom.com\/tr\/wp-json\/wp\/v2\/users\/1"}],"replies":[{"embeddable":true,"href":"https:\/\/rokecom.com\/tr\/wp-json\/wp\/v2\/comments?post=150"}],"version-history":[{"count":4,"href":"https:\/\/rokecom.com\/tr\/wp-json\/wp\/v2\/pages\/150\/revisions"}],"predecessor-version":[{"id":332,"href":"https:\/\/rokecom.com\/tr\/wp-json\/wp\/v2\/pages\/150\/revisions\/332"}],"wp:attachment":[{"href":"https:\/\/rokecom.com\/tr\/wp-json\/wp\/v2\/media?parent=150"}],"curies":[{"name":"wp","href":"https:\/\/api.w.org\/{rel}","templated":true}]}}