{"id":148,"date":"2026-03-04T12:46:02","date_gmt":"2026-03-04T09:46:02","guid":{"rendered":"https:\/\/rokecom.com\/tr\/?page_id=148"},"modified":"2026-03-09T19:56:50","modified_gmt":"2026-03-09T16:56:50","slug":"ekip","status":"publish","type":"page","link":"https:\/\/rokecom.com\/tr\/ekip\/","title":{"rendered":"Nas\u0131l Yap\u0131yoruz?"},"content":{"rendered":"\n<p><br>Roke olarak; dinamik i\u00e7erik \u00fcretimi, stratejik pazarlama ve etkinlik y\u00f6netimi dahil olmak \u00fczere kapsaml\u0131 ileti\u015fim \u00e7\u00f6z\u00fcmleri sunuyoruz. Verilen s\u00f6zleri yerine getirmek ile etkili ileti\u015fimin temeli olan ger\u00e7ek g\u00fcveni in\u015fa etmek aras\u0131ndaki dengeyi titizlikle koruyoruz. Yakla\u015f\u0131m\u0131m\u0131z, her ad\u0131mda derinlemesine ara\u015ft\u0131rmalara ve veri odakl\u0131 \u00f6ng\u00f6r\u00fclere dayan\u0131yor. Sarfedilen \u00e7aban\u0131n ger\u00e7ek bir etki yaratt\u0131\u011f\u0131ndan emin olman\u0131n anahtar\u0131n\u0131n \u00f6l\u00e7\u00fcmleme oldu\u011funa inan\u0131yor, bu nedenle her giri\u015fimimizin sonu\u00e7lar\u0131n\u0131 titizlikle \u00f6l\u00e7\u00fcyoruz. Ortak hayallerimiz, merak\u0131m\u0131z, yarat\u0131c\u0131l\u0131\u011f\u0131m\u0131z ve ideallerimiz bizi Roke \u00e7at\u0131s\u0131 alt\u0131nda birle\u015ftiriyor.<\/p>\n","protected":false},"excerpt":{"rendered":"<p>Roke olarak; dinamik i\u00e7erik \u00fcretimi, stratejik pazarlama ve etkinlik y\u00f6netimi dahil olmak \u00fczere kapsaml\u0131 ileti\u015fim \u00e7\u00f6z\u00fcmleri sunuyoruz. Verilen s\u00f6zleri yerine getirmek ile etkili ileti\u015fimin temeli olan ger\u00e7ek g\u00fcveni in\u015fa etmek aras\u0131ndaki dengeyi titizlikle koruyoruz. Yakla\u015f\u0131m\u0131m\u0131z, her ad\u0131mda derinlemesine ara\u015ft\u0131rmalara ve veri odakl\u0131 \u00f6ng\u00f6r\u00fclere dayan\u0131yor. Sarfedilen \u00e7aban\u0131n ger\u00e7ek bir etki yaratt\u0131\u011f\u0131ndan emin olman\u0131n anahtar\u0131n\u0131n \u00f6l\u00e7\u00fcmleme oldu\u011funa [&hellip;]<\/p>\n","protected":false},"author":1,"featured_media":0,"parent":0,"menu_order":0,"comment_status":"closed","ping_status":"closed","template":"template-team.php","meta":{"_acf_changed":false,"footnotes":""},"class_list":["post-148","page","type-page","status-publish","hentry"],"acf":[],"_links":{"self":[{"href":"https:\/\/rokecom.com\/tr\/wp-json\/wp\/v2\/pages\/148","targetHints":{"allow":["GET"]}}],"collection":[{"href":"https:\/\/rokecom.com\/tr\/wp-json\/wp\/v2\/pages"}],"about":[{"href":"https:\/\/rokecom.com\/tr\/wp-json\/wp\/v2\/types\/page"}],"author":[{"embeddable":true,"href":"https:\/\/rokecom.com\/tr\/wp-json\/wp\/v2\/users\/1"}],"replies":[{"embeddable":true,"href":"https:\/\/rokecom.com\/tr\/wp-json\/wp\/v2\/comments?post=148"}],"version-history":[{"count":2,"href":"https:\/\/rokecom.com\/tr\/wp-json\/wp\/v2\/pages\/148\/revisions"}],"predecessor-version":[{"id":331,"href":"https:\/\/rokecom.com\/tr\/wp-json\/wp\/v2\/pages\/148\/revisions\/331"}],"wp:attachment":[{"href":"https:\/\/rokecom.com\/tr\/wp-json\/wp\/v2\/media?parent=148"}],"curies":[{"name":"wp","href":"https:\/\/api.w.org\/{rel}","templated":true}]}}